{"id":199,"date":"2025-11-18T23:05:16","date_gmt":"2025-11-18T22:05:16","guid":{"rendered":"https:\/\/tangiblemode.com\/?page_id=199"},"modified":"2025-12-23T00:24:36","modified_gmt":"2025-12-22T23:24:36","slug":"intro-to-intro","status":"publish","type":"page","link":"https:\/\/tangiblemode.com\/es\/intro-to-intro\/","title":{"rendered":"introducci\u00f3n a la introducci\u00f3n"},"content":{"rendered":"<div class=\"wp-block-cover alignfull is-light has-custom-content-position is-position-bottom-center\" style=\"margin-top:0;margin-bottom:0;padding-top:var(--wp--preset--spacing--50);padding-right:var(--wp--preset--spacing--50);padding-bottom:var(--wp--preset--spacing--50);padding-left:var(--wp--preset--spacing--50);min-height:840px;aspect-ratio:unset;\"><img data-recalc-dims=\"1\" loading=\"lazy\" decoding=\"async\" width=\"1024\" height=\"559\" data-attachment-id=\"395\" data-permalink=\"https:\/\/tangiblemode.com\/es\/intro2intro_1\/\" data-orig-file=\"https:\/\/i0.wp.com\/tangiblemode.com\/wp-content\/uploads\/2025\/12\/intro2intro_1.jpg?fit=1980%2C1080&amp;ssl=1\" data-orig-size=\"1980,1080\" data-comments-opened=\"1\" data-image-meta=\"{&quot;aperture&quot;:&quot;0&quot;,&quot;credit&quot;:&quot;&quot;,&quot;camera&quot;:&quot;&quot;,&quot;caption&quot;:&quot;&quot;,&quot;created_timestamp&quot;:&quot;0&quot;,&quot;copyright&quot;:&quot;&quot;,&quot;focal_length&quot;:&quot;0&quot;,&quot;iso&quot;:&quot;0&quot;,&quot;shutter_speed&quot;:&quot;0&quot;,&quot;title&quot;:&quot;&quot;,&quot;orientation&quot;:&quot;0&quot;}\" data-image-title=\"intro2intro_1\" data-image-description=\"\" data-image-caption=\"\" data-large-file=\"https:\/\/i0.wp.com\/tangiblemode.com\/wp-content\/uploads\/2025\/12\/intro2intro_1.jpg?fit=1024%2C559&amp;ssl=1\" class=\"wp-block-cover__image-background wp-image-395 size-large\" alt=\"\" src=\"https:\/\/i0.wp.com\/tangiblemode.com\/wp-content\/uploads\/2025\/12\/intro2intro_1.jpg?resize=1024%2C559&#038;ssl=1\" data-object-fit=\"cover\" srcset=\"https:\/\/i0.wp.com\/tangiblemode.com\/wp-content\/uploads\/2025\/12\/intro2intro_1.jpg?resize=1024%2C559&amp;ssl=1 1024w, https:\/\/i0.wp.com\/tangiblemode.com\/wp-content\/uploads\/2025\/12\/intro2intro_1.jpg?resize=300%2C164&amp;ssl=1 300w, https:\/\/i0.wp.com\/tangiblemode.com\/wp-content\/uploads\/2025\/12\/intro2intro_1.jpg?resize=768%2C419&amp;ssl=1 768w, https:\/\/i0.wp.com\/tangiblemode.com\/wp-content\/uploads\/2025\/12\/intro2intro_1.jpg?resize=1536%2C838&amp;ssl=1 1536w, https:\/\/i0.wp.com\/tangiblemode.com\/wp-content\/uploads\/2025\/12\/intro2intro_1.jpg?resize=18%2C10&amp;ssl=1 18w, https:\/\/i0.wp.com\/tangiblemode.com\/wp-content\/uploads\/2025\/12\/intro2intro_1.jpg?w=1980&amp;ssl=1 1980w\" sizes=\"auto, (max-width: 1000px) 100vw, 1000px\" \/><span aria-hidden=\"true\" class=\"wp-block-cover__background has-background-dim-10 has-background-dim\"><\/span><div class=\"wp-block-cover__inner-container has-global-padding is-layout-constrained wp-container-core-cover-is-layout-36f65c2d wp-block-cover-is-layout-constrained\">\n<div class=\"wp-block-group alignwide has-global-padding is-content-justification-left is-layout-constrained wp-container-core-group-is-layout-236ffaf5 wp-block-group-is-layout-constrained\">\n<h2 class=\"wp-block-heading alignfull has-text-align-left project-heading has-contrast-color has-text-color has-link-color has-xx-large-font-size wp-elements-e2efe93108031cbe84fbadf87a5fc015\" style=\"letter-spacing:1px\">l\u00edneas de trabajo : introducci\u00f3n a la introducci\u00f3n<\/h2>\n<\/div>\n<\/div><\/div>","protected":false},"excerpt":{"rendered":"","protected":false},"author":12290819,"featured_media":0,"parent":0,"menu_order":0,"comment_status":"closed","ping_status":"closed","template":"page-no-title","meta":{"_crdt_document":"","footnotes":""},"class_list":["post-199","page","type-page","status-publish","hentry"],"yoast_head":"<!-- This site is optimized with the Yoast SEO plugin v27.5 - https:\/\/yoast.com\/product\/yoast-seo-wordpress\/ -->\n<title>intro to intro - tangiblemode<\/title>\n<meta name=\"robots\" content=\"index, follow, max-snippet:-1, max-image-preview:large, max-video-preview:-1\" \/>\n<link rel=\"canonical\" href=\"https:\/\/tangiblemode.com\/es\/intro-to-intro\/\" \/>\n<meta property=\"og:locale\" content=\"es_ES\" \/>\n<meta property=\"og:type\" content=\"article\" \/>\n<meta property=\"og:title\" content=\"intro to intro - tangiblemode\" \/>\n<meta property=\"og:url\" content=\"https:\/\/tangiblemode.com\/es\/intro-to-intro\/\" \/>\n<meta property=\"og:site_name\" content=\"tangiblemode\" \/>\n<meta property=\"article:modified_time\" content=\"2025-12-22T23:24:36+00:00\" \/>\n<meta property=\"og:image\" content=\"https:\/\/tangiblemode.com\/wp-content\/uploads\/2025\/12\/intro2intro_1-1024x559.jpg\" \/>\n<meta name=\"twitter:card\" content=\"summary_large_image\" \/>\n<meta name=\"twitter:label1\" content=\"Tiempo de lectura\" \/>\n\t<meta name=\"twitter:data1\" content=\"1 minuto\" \/>\n<script type=\"application\/ld+json\" class=\"yoast-schema-graph\">{\"@context\":\"https:\\\/\\\/schema.org\",\"@graph\":[{\"@type\":\"WebPage\",\"@id\":\"https:\\\/\\\/tangiblemode.com\\\/intro-to-intro\\\/\",\"url\":\"https:\\\/\\\/tangiblemode.com\\\/intro-to-intro\\\/\",\"name\":\"intro to intro - tangiblemode\",\"isPartOf\":{\"@id\":\"https:\\\/\\\/tangiblemode.com\\\/#website\"},\"primaryImageOfPage\":{\"@id\":\"https:\\\/\\\/tangiblemode.com\\\/intro-to-intro\\\/#primaryimage\"},\"image\":{\"@id\":\"https:\\\/\\\/tangiblemode.com\\\/intro-to-intro\\\/#primaryimage\"},\"thumbnailUrl\":\"https:\\\/\\\/tangiblemode.com\\\/wp-content\\\/uploads\\\/2025\\\/12\\\/intro2intro_1-1024x559.jpg\",\"datePublished\":\"2025-11-18T22:05:16+00:00\",\"dateModified\":\"2025-12-22T23:24:36+00:00\",\"breadcrumb\":{\"@id\":\"https:\\\/\\\/tangiblemode.com\\\/intro-to-intro\\\/#breadcrumb\"},\"inLanguage\":\"es\",\"potentialAction\":[{\"@type\":\"ReadAction\",\"target\":[\"https:\\\/\\\/tangiblemode.com\\\/intro-to-intro\\\/\"]}]},{\"@type\":\"ImageObject\",\"inLanguage\":\"es\",\"@id\":\"https:\\\/\\\/tangiblemode.com\\\/intro-to-intro\\\/#primaryimage\",\"url\":\"https:\\\/\\\/tangiblemode.com\\\/wp-content\\\/uploads\\\/2025\\\/12\\\/intro2intro_1-1024x559.jpg\",\"contentUrl\":\"https:\\\/\\\/tangiblemode.com\\\/wp-content\\\/uploads\\\/2025\\\/12\\\/intro2intro_1-1024x559.jpg\"},{\"@type\":\"BreadcrumbList\",\"@id\":\"https:\\\/\\\/tangiblemode.com\\\/intro-to-intro\\\/#breadcrumb\",\"itemListElement\":[{\"@type\":\"ListItem\",\"position\":1,\"name\":\"Home\",\"item\":\"https:\\\/\\\/tangiblemode.com\\\/\"},{\"@type\":\"ListItem\",\"position\":2,\"name\":\"intro to intro\"}]},{\"@type\":\"WebSite\",\"@id\":\"https:\\\/\\\/tangiblemode.com\\\/#website\",\"url\":\"https:\\\/\\\/tangiblemode.com\\\/\",\"name\":\"tangiblemode\",\"description\":\"R+D for cultural industries\",\"publisher\":{\"@id\":\"https:\\\/\\\/tangiblemode.com\\\/#organization\"},\"potentialAction\":[{\"@type\":\"SearchAction\",\"target\":{\"@type\":\"EntryPoint\",\"urlTemplate\":\"https:\\\/\\\/tangiblemode.com\\\/?s={search_term_string}\"},\"query-input\":{\"@type\":\"PropertyValueSpecification\",\"valueRequired\":true,\"valueName\":\"search_term_string\"}}],\"inLanguage\":\"es\"},{\"@type\":\"Organization\",\"@id\":\"https:\\\/\\\/tangiblemode.com\\\/#organization\",\"name\":\"tangiblemode\",\"url\":\"https:\\\/\\\/tangiblemode.com\\\/\",\"logo\":{\"@type\":\"ImageObject\",\"inLanguage\":\"es\",\"@id\":\"https:\\\/\\\/tangiblemode.com\\\/#\\\/schema\\\/logo\\\/image\\\/\",\"url\":\"https:\\\/\\\/i0.wp.com\\\/tangiblemode.com\\\/wp-content\\\/uploads\\\/2025\\\/10\\\/tangiblemode.png?fit=1130%2C240&ssl=1\",\"contentUrl\":\"https:\\\/\\\/i0.wp.com\\\/tangiblemode.com\\\/wp-content\\\/uploads\\\/2025\\\/10\\\/tangiblemode.png?fit=1130%2C240&ssl=1\",\"width\":1130,\"height\":240,\"caption\":\"tangiblemode\"},\"image\":{\"@id\":\"https:\\\/\\\/tangiblemode.com\\\/#\\\/schema\\\/logo\\\/image\\\/\"}}]}<\/script>\n<!-- \/ Yoast SEO plugin. -->","yoast_head_json":{"title":"intro to intro - tangiblemode","robots":{"index":"index","follow":"follow","max-snippet":"max-snippet:-1","max-image-preview":"max-image-preview:large","max-video-preview":"max-video-preview:-1"},"canonical":"https:\/\/tangiblemode.com\/es\/intro-to-intro\/","og_locale":"es_ES","og_type":"article","og_title":"intro to intro - tangiblemode","og_url":"https:\/\/tangiblemode.com\/es\/intro-to-intro\/","og_site_name":"tangiblemode","article_modified_time":"2025-12-22T23:24:36+00:00","og_image":[{"url":"https:\/\/tangiblemode.com\/wp-content\/uploads\/2025\/12\/intro2intro_1-1024x559.jpg","type":"","width":"","height":""}],"twitter_card":"summary_large_image","twitter_misc":{"Tiempo de lectura":"1 minuto"},"schema":{"@context":"https:\/\/schema.org","@graph":[{"@type":"WebPage","@id":"https:\/\/tangiblemode.com\/intro-to-intro\/","url":"https:\/\/tangiblemode.com\/intro-to-intro\/","name":"intro to intro - tangiblemode","isPartOf":{"@id":"https:\/\/tangiblemode.com\/#website"},"primaryImageOfPage":{"@id":"https:\/\/tangiblemode.com\/intro-to-intro\/#primaryimage"},"image":{"@id":"https:\/\/tangiblemode.com\/intro-to-intro\/#primaryimage"},"thumbnailUrl":"https:\/\/tangiblemode.com\/wp-content\/uploads\/2025\/12\/intro2intro_1-1024x559.jpg","datePublished":"2025-11-18T22:05:16+00:00","dateModified":"2025-12-22T23:24:36+00:00","breadcrumb":{"@id":"https:\/\/tangiblemode.com\/intro-to-intro\/#breadcrumb"},"inLanguage":"es","potentialAction":[{"@type":"ReadAction","target":["https:\/\/tangiblemode.com\/intro-to-intro\/"]}]},{"@type":"ImageObject","inLanguage":"es","@id":"https:\/\/tangiblemode.com\/intro-to-intro\/#primaryimage","url":"https:\/\/tangiblemode.com\/wp-content\/uploads\/2025\/12\/intro2intro_1-1024x559.jpg","contentUrl":"https:\/\/tangiblemode.com\/wp-content\/uploads\/2025\/12\/intro2intro_1-1024x559.jpg"},{"@type":"BreadcrumbList","@id":"https:\/\/tangiblemode.com\/intro-to-intro\/#breadcrumb","itemListElement":[{"@type":"ListItem","position":1,"name":"Home","item":"https:\/\/tangiblemode.com\/"},{"@type":"ListItem","position":2,"name":"intro to intro"}]},{"@type":"WebSite","@id":"https:\/\/tangiblemode.com\/#website","url":"https:\/\/tangiblemode.com\/","name":"tangiblemode","description":"I+D en Industrias Culturales","publisher":{"@id":"https:\/\/tangiblemode.com\/#organization"},"potentialAction":[{"@type":"SearchAction","target":{"@type":"EntryPoint","urlTemplate":"https:\/\/tangiblemode.com\/?s={search_term_string}"},"query-input":{"@type":"PropertyValueSpecification","valueRequired":true,"valueName":"search_term_string"}}],"inLanguage":"es"},{"@type":"Organization","@id":"https:\/\/tangiblemode.com\/#organization","name":"tangiblemode","url":"https:\/\/tangiblemode.com\/","logo":{"@type":"ImageObject","inLanguage":"es","@id":"https:\/\/tangiblemode.com\/#\/schema\/logo\/image\/","url":"https:\/\/i0.wp.com\/tangiblemode.com\/wp-content\/uploads\/2025\/10\/tangiblemode.png?fit=1130%2C240&ssl=1","contentUrl":"https:\/\/i0.wp.com\/tangiblemode.com\/wp-content\/uploads\/2025\/10\/tangiblemode.png?fit=1130%2C240&ssl=1","width":1130,"height":240,"caption":"tangiblemode"},"image":{"@id":"https:\/\/tangiblemode.com\/#\/schema\/logo\/image\/"}}]}},"jetpack_likes_enabled":true,"jetpack_sharing_enabled":true,"jetpack_shortlink":"https:\/\/wp.me\/Pgd2GF-3d","jetpack-related-posts":[{"id":61,"url":"https:\/\/tangiblemode.com\/es\/work-lines\/","url_meta":{"origin":199,"position":0},"title":"l\u00edneas de trabajo","author":"nataliemcquade","date":"27\/10\/2025","format":false,"excerpt":"lines of work 3D audiobooks transmedia documentary intro to intro stereo to 3D audio 3D audio papers 3D voice treatment","rel":"","context":"Entrada similar","block_context":{"text":"Entrada similar","link":""},"img":{"alt_text":"","src":"https:\/\/i0.wp.com\/tangiblemode.com\/wp-content\/uploads\/2025\/12\/3Daudiobooks_1.jpg?resize=350%2C200&ssl=1","width":350,"height":200,"srcset":"https:\/\/i0.wp.com\/tangiblemode.com\/wp-content\/uploads\/2025\/12\/3Daudiobooks_1.jpg?resize=350%2C200&ssl=1 1x, https:\/\/i0.wp.com\/tangiblemode.com\/wp-content\/uploads\/2025\/12\/3Daudiobooks_1.jpg?resize=525%2C300&ssl=1 1.5x"},"classes":[]},{"id":224,"url":"https:\/\/tangiblemode.com\/es\/work-lines-natalie-mcquade\/","url_meta":{"origin":199,"position":1},"title":"work lines | Natalie McQuade","author":"nataliemcquade","date":"17\/12\/2025","format":false,"excerpt":"lines of work : Natalie McQuade 3Daudiobooks Like flowers that bloom in unexpected places, every story unfolds with beauty and resilience transmedia documentary Like flowers that bloom in unexpected places, every story unfolds with beauty and resilience intro to intro Like flowers that bloom in unexpected places, every story unfolds\u2026","rel":"","context":"Entrada similar","block_context":{"text":"Entrada similar","link":""},"img":{"alt_text":"","src":"https:\/\/i0.wp.com\/tangiblemode.com\/wp-content\/uploads\/2025\/12\/3Daudiobooks_2.jpg?resize=350%2C200&ssl=1","width":350,"height":200,"srcset":"https:\/\/i0.wp.com\/tangiblemode.com\/wp-content\/uploads\/2025\/12\/3Daudiobooks_2.jpg?resize=350%2C200&ssl=1 1x, https:\/\/i0.wp.com\/tangiblemode.com\/wp-content\/uploads\/2025\/12\/3Daudiobooks_2.jpg?resize=525%2C300&ssl=1 1.5x, https:\/\/i0.wp.com\/tangiblemode.com\/wp-content\/uploads\/2025\/12\/3Daudiobooks_2.jpg?resize=700%2C400&ssl=1 2x"},"classes":[]},{"id":226,"url":"https:\/\/tangiblemode.com\/es\/work-lines-pablo-arcent\/","url_meta":{"origin":199,"position":2},"title":"work lines | Pablo Arcent","author":"nataliemcquade","date":"17\/12\/2025","format":false,"excerpt":"lines of work : Pablo Arcent 3Daudiobooks Like flowers that bloom in unexpected places, every story unfolds with beauty and resilience transmedia documentary Like flowers that bloom in unexpected places, every story unfolds with beauty and resilience intro to intro Like flowers that bloom in unexpected places, every story unfolds\u2026","rel":"","context":"Entrada similar","block_context":{"text":"Entrada similar","link":""},"img":{"alt_text":"Thought-provoking interviews on contemporary arts and culture at Tangible Modestudio.","src":"https:\/\/i0.wp.com\/tangiblemode.com\/wp-content\/uploads\/2025\/11\/transmediadoc.jpg?resize=350%2C200&ssl=1","width":350,"height":200,"srcset":"https:\/\/i0.wp.com\/tangiblemode.com\/wp-content\/uploads\/2025\/11\/transmediadoc.jpg?resize=350%2C200&ssl=1 1x, https:\/\/i0.wp.com\/tangiblemode.com\/wp-content\/uploads\/2025\/11\/transmediadoc.jpg?resize=525%2C300&ssl=1 1.5x, https:\/\/i0.wp.com\/tangiblemode.com\/wp-content\/uploads\/2025\/11\/transmediadoc.jpg?resize=700%2C400&ssl=1 2x, https:\/\/i0.wp.com\/tangiblemode.com\/wp-content\/uploads\/2025\/11\/transmediadoc.jpg?resize=1050%2C600&ssl=1 3x, https:\/\/i0.wp.com\/tangiblemode.com\/wp-content\/uploads\/2025\/11\/transmediadoc.jpg?resize=1400%2C800&ssl=1 4x"},"classes":[]}],"_links":{"self":[{"href":"https:\/\/tangiblemode.com\/es\/wp-json\/wp\/v2\/pages\/199","targetHints":{"allow":["GET"]}}],"collection":[{"href":"https:\/\/tangiblemode.com\/es\/wp-json\/wp\/v2\/pages"}],"about":[{"href":"https:\/\/tangiblemode.com\/es\/wp-json\/wp\/v2\/types\/page"}],"author":[{"embeddable":true,"href":"https:\/\/tangiblemode.com\/es\/wp-json\/wp\/v2\/users\/12290819"}],"replies":[{"embeddable":true,"href":"https:\/\/tangiblemode.com\/es\/wp-json\/wp\/v2\/comments?post=199"}],"version-history":[{"count":21,"href":"https:\/\/tangiblemode.com\/es\/wp-json\/wp\/v2\/pages\/199\/revisions"}],"predecessor-version":[{"id":396,"href":"https:\/\/tangiblemode.com\/es\/wp-json\/wp\/v2\/pages\/199\/revisions\/396"}],"wp:attachment":[{"href":"https:\/\/tangiblemode.com\/es\/wp-json\/wp\/v2\/media?parent=199"}],"curies":[{"name":"wp","href":"https:\/\/api.w.org\/{rel}","templated":true}]}}